{"id":4829,"date":"2022-01-27T09:43:27","date_gmt":"2022-01-27T08:43:27","guid":{"rendered":"https:\/\/safepro.sk\/produkt\/hr4_okr\/"},"modified":"2022-02-12T22:36:57","modified_gmt":"2022-02-12T21:36:57","slug":"hr4_okr","status":"publish","type":"product","link":"https:\/\/safepro.sk\/en\/produkt\/hr4_okr\/","title":{"rendered":"HR4_OKR, Neck Protector"},"content":{"rendered":"<p>Accessory for helmets, additional neck protection against radiant heat, hot particles, sparks and molten metal splashes.<\/p>\n","protected":false},"excerpt":{"rendered":"<h6>Protective clothing against heat and fire.<\/h6>\n<p><strong>APPLICATION: Pr\u00edslu\u0161enstvo ku prilb\u00e1m <\/strong>&#8211; Protection against short-term effects of extreme heat.<strong><br \/>\nSTYLE<\/strong>Universal &#8211; UVEX \/ 3M.<br \/>\n<strong>MATERIAL: <\/strong>Series 400, 100% Para-Aramid with high-quality aluminizing, approx. 460 g \/ m2.<br \/>\n<strong>CONSTRUCTION: <\/strong> Single layer, holes for assembling into the helmet.<strong><br \/>\n<\/strong><\/p>\n<p><strong>SIZE:<\/strong> Universal, length: approx. 25 cm.<\/p>\n","protected":false},"featured_media":4564,"template":"","meta":{"_acf_changed":false},"product_brand":[],"product_cat":[85,86],"product_tag":[87],"class_list":{"0":"post-4829","1":"product","2":"type-product","3":"status-publish","4":"has-post-thumbnail","6":"product_cat-clothing","7":"product_cat-hr4-en","8":"product_tag-safepro-en","9":"hide-post-date","11":"first","12":"onbackorder","13":"taxable","14":"shipping-taxable","15":"product-type-variable"},"acf":[],"_links":{"self":[{"href":"https:\/\/safepro.sk\/en\/wp-json\/wp\/v2\/product\/4829","targetHints":{"allow":["GET"]}}],"collection":[{"href":"https:\/\/safepro.sk\/en\/wp-json\/wp\/v2\/product"}],"about":[{"href":"https:\/\/safepro.sk\/en\/wp-json\/wp\/v2\/types\/product"}],"wp:featuredmedia":[{"embeddable":true,"href":"https:\/\/safepro.sk\/en\/wp-json\/wp\/v2\/media\/4564"}],"wp:attachment":[{"href":"https:\/\/safepro.sk\/en\/wp-json\/wp\/v2\/media?parent=4829"}],"wp:term":[{"taxonomy":"product_brand","embeddable":true,"href":"https:\/\/safepro.sk\/en\/wp-json\/wp\/v2\/product_brand?post=4829"},{"taxonomy":"product_cat","embeddable":true,"href":"https:\/\/safepro.sk\/en\/wp-json\/wp\/v2\/product_cat?post=4829"},{"taxonomy":"product_tag","embeddable":true,"href":"https:\/\/safepro.sk\/en\/wp-json\/wp\/v2\/product_tag?post=4829"}],"curies":[{"name":"wp","href":"https:\/\/api.w.org\/{rel}","templated":true}]}}