{"id":4787,"date":"2022-02-05T17:07:11","date_gmt":"2022-02-05T16:07:11","guid":{"rendered":"https:\/\/safepro.sk\/general-terms-and-conditions\/"},"modified":"2022-02-12T11:04:16","modified_gmt":"2022-02-12T10:04:16","slug":"general-terms-and-conditions","status":"publish","type":"page","link":"https:\/\/safepro.sk\/en\/general-terms-and-conditions\/","title":{"rendered":"GENERAL TERMS AND CONDITIONS"},"content":{"rendered":"\t\t<div data-elementor-type=\"wp-page\" data-elementor-id=\"4787\" class=\"elementor elementor-4787 elementor-4274\" data-elementor-post-type=\"page\">\n\t\t\t\t\t\t<section class=\"wd-negative-gap elementor-section elementor-top-section elementor-element elementor-element-e68aa63 elementor-section-boxed elementor-section-height-default elementor-section-height-default\" data-id=\"e68aa63\" data-element_type=\"section\">\n\t\t\t\t\t\t<div class=\"elementor-container elementor-column-gap-default\">\n\t\t\t\t\t<div class=\"elementor-column elementor-col-100 elementor-top-column elementor-element elementor-element-97f14c5\" data-id=\"97f14c5\" data-element_type=\"column\">\n\t\t\t<div class=\"elementor-widget-wrap elementor-element-populated\">\n\t\t\t\t\t\t<div class=\"elementor-element elementor-element-d5536b8 elementor-widget elementor-widget-wd_text_block\" data-id=\"d5536b8\" data-element_type=\"widget\" data-widget_type=\"wd_text_block.default\">\n\t\t\t\t<div class=\"elementor-widget-container\">\n\t\t\t\t\t\t\t<div class=\"wd-text-block reset-last-child text-left\">\n\t\t\t\n\t\t\t<h5>V\u0161eobecn\u00e9 obchodn\u00e9 podmienky (VOP) spolo\u010dnosti SAFEPRO s.r.o.<\/h5><p><strong>1. Platnos\u0165 v\u0161eobecn\u00fdch obchodn\u00fdch podmienok<\/strong><br \/>a) V\u0161eobecn\u00e9 obchodn\u00e9 podmienky (\u010falej tie\u017e VOP) upravuj\u00fa vz\u0165ah medzi spolo\u010dnos\u0165ou SAFEPRO s.r.o., \u010f\u2028alej len \u201epred\u00e1vaj\u00faci\u201c a z\u00e1kazn\u00edkmi firmy SAFEPRO s.r.o., \u010falej tie\u017e \u201ekupuj\u00faci\u201c.<br \/>b) Tieto VOP platia v plnom rozsahu. Odch\u00fdlky s\u00fa platn\u00e9 a \u00fa\u010dinn\u00e9 len vtedy, pokia\u013e s\u00fa p\u00edsomne potvrden\u00e9 o\u2028 bidvoma stranami, t.j. pred\u00e1vaj\u00facim aj kupuj\u00facim.<br \/>c) Odch\u00fdlky od V\u0161eobecn\u00fdch obchodn\u00fdch podmienky si m\u00f4\u017eu pred\u00e1vaj\u00faci a kupuj\u00faci dohodn\u00fa\u0165 v\u2028 R\u00e1mcovej zmluve (\u010falej tie\u017e RZ).<\/p><p><strong>2. Z\u00e1kazn\u00edci spolo\u010dnosti SAFEPRO s.r.o.<\/strong><br \/>Z\u00e1kazn\u00edkmi spolo\u010dnosti SAFEPRO s.r.o. s\u00fa fyzick\u00e9 a pr\u00e1vnick\u00e9 osoby s povolen\u00edm podnika\u0165 v oblastiach o\u2028 bchodn\u00e9ho z\u00e1ujmu spolo\u010dnosti SAFEPRO s.r.o..<\/p><p><strong>3. Ponuky<\/strong><br \/>a) Ponuky vyhotovuje pred\u00e1vaj\u00faci kupuj\u00facemu na z\u00e1klade jeho po\u017eiadaviek.<br \/>b) Platnos\u0165 pon\u00fak pred\u00e1vaj\u00faceho vyhotoven\u00fdch p\u00edsomne trv\u00e1 po dobu uveden\u00fa na ponuke, a\u2028 k nie je vopred stanoven\u00e9 inak.<br \/>c) Pri ponuk\u00e1ch s platnos\u0165ou dlh\u0161ou ako 1 kalend\u00e1rny mesiac si pred\u00e1vaj\u00faci vyhradzuje pr\u00e1vo zmeny cien.<\/p><p><strong>4. Objedn\u00e1vky a vy\u017eiadanie v\u00fdpo\u017ei\u010dky tovaru<\/strong> <br \/>Objedn\u00e1vku tovaru, slu\u017eieb, alebo vy\u017eiadanie v\u00fdpo\u017ei\u010dky tovaru je mo\u017en\u00e9 uskuto\u010dni\u0165 nasledovne:<br \/>a) Osobne.<br \/>b) Telefonicky na \u010d\u00edslach: 055 \/ 622 70 82 (pevn\u00e1 linka) a 0905 651 814 a 0910 651 814 (mobiln\u00e9 telef\u00f3ny).\u2028 Telefonick\u00e9 objedn\u00e1vky s\u00fa akceptovan\u00e9 iba od st\u00e1lych z\u00e1kazn\u00edkov spolo\u010dnosti SAFEPRO s.r.o. s mo\u017enos\u0165ou ich sp\u00e4tn\u00e9ho overenia. U nov\u00fdch z\u00e1kazn\u00edkov sa vy\u017eaduje objedn\u00e1vka inou formou s uveden\u00edm faktura\u010dn\u00fdch \u00fadajov aj zodpovednej osoby, ktor\u00e1 z\u00e1kazku zad\u00e1va vr\u00e1tane jej kontaktn\u00fdch \u00fadajov.<br \/>c) Elektronicky - e-mailom na adresu: safepro@safepro.sk<br \/>d) Prostredn\u00edctvom objedn\u00e1vkov\u00e9ho formul\u00e1ra na webe www.safepro.sk<br \/>e) Prostredn\u00edctvom v\u00fdpo\u017ei\u010dky v zmysle \u010dl\u00e1nku 12.<\/p><p><strong>5. Uzavret\u00edm z\u00e1v\u00e4zn\u00e9ho zmluvn\u00e9ho vz\u0165ahu (K\u00fapnej zmluvy) medzi pred\u00e1vaj\u00facim a kupuj\u00facim sa rozumie:<\/strong><br \/>a) Objedn\u00e1vka kupuj\u00faceho potvrden\u00e1 pred\u00e1vaj\u00facim. P\u2028 otvrden\u00edm objedn\u00e1vky sa rozumie aj potvrdenie rovnakou formou, akou bola objedn\u00e1vka prijat\u00e1.<br \/>b) Prevzatie tovaru prostredn\u00edctvom po\u0161tovej z\u00e1sielky alebo kuri\u00e9ra.<br \/>c) Potvrdenie a podp\u00edsanie fakt\u00fary (resp. dodacieho listu) kupuj\u00facim pri osobnom odbere.<\/p><p><strong>6. K\u00fapnou zmluvou sa rozumie <br \/><\/strong>fakt\u00fara vydan\u00e1 pred\u00e1vaj\u00facim\u2028. V K\u00fapnej zmluve s\u00fa okrem \u00fadajov o pred\u00e1vaj\u00facom uveden\u00e9:<br \/>a) Identifik\u00e1cia kupuj\u00faceho, obchodn\u00e9 meno, s\u00eddlo, I\u010cO, DI\u010c, I\u010c DPH (ak je pridelen\u00e9).<br \/>b) Predmet K\u00fapnej zmluvy - n\u00e1zov, druh, mno\u017estvo, cena tovaru bez DPH, sadzba DPH a celkov\u00e1 cena tovaru.<br \/>c) D\u00e1tum vystavenia fakt\u00fary - da\u0148ov\u00e9ho dokladu, d\u00e1tum zdanite\u013en\u00e9ho plnenia a splatnos\u0165 fakt\u00fary.<\/p><p><strong>7. Miestom plnenia predmetu K\u00fapnej zmluvy sa rozumie:<\/strong><br \/>a) Prev\u00e1dzka\/obchodn\u00fd sklad pred\u00e1vaj\u00faceho na adrese: Pekn\u00e1 10, 040 01 Ko\u0161ice - pri osobnom odbere tovaru.<br \/>b) S\u00eddlo kupuj\u00faceho pri z\u00e1sielkach tovaru.<br \/>c) In\u00e9 miesto\/adresa ur\u010den\u00e9 vz\u00e1jomnou dohodou medzi pred\u00e1vaj\u00facim a kupuj\u00facim .<\/p><p><strong>8. Dodanie, zasielanie tovaru a dodacie term\u00edny<\/strong><br \/>a) Kupuj\u00faci si m\u00f4\u017ee vyzdvihn\u00fa\u0165 objednan\u00fd tovar v obchodnom sklade pred\u00e1vaj\u00faceho.<br \/>b) Objedn\u00e1vky prijat\u00e9 do 13:00 s\u00fa spravidla expedovan\u00e9 pred\u00e1vaj\u00facim v ten ist\u00fd de\u0148, r\u2028 esp. pod\u013ea aktu\u00e1lnych mo\u017enost\u00ed pred\u00e1vaj\u00faceho a \u017eelania kupuj\u00faceho. O\u2028 bjedn\u00e1vky prijat\u00e9 po 13:00 sa spravidla expeduj\u00fa nasleduj\u00faci de\u0148, r\u2028 esp. pod\u013ea aktu\u00e1lnych mo\u017enost\u00ed pred\u00e1vaj\u00faceho a \u017eelania kupuj\u00faceho.<br \/>c) Tovar je \u0161tandardne zasielan\u00fd kuri\u00e9rom, D+1 (dodanie nasleduj\u00faci pracovn\u00fd de\u0148 po dni podania).<br \/>d) Dopravn\u00e9 n\u00e1klady u z\u00e1sielok nad 200,-\u20ac bez DPH a do 15kg pri \u0161tandardnom sp\u00f4sobe dopravy ne\u00fa\u010dtujeme. U\u2028 ostatn\u00fdch z\u00e1sielok \u00fa\u010dtujeme dopravn\u00e9 a baln\u00e9 pod\u013ea re\u00e1lnych n\u00e1kladov, minim\u00e1lne v\u0161ak 3,50 \u20ac + DPH.<br \/>e) Pri nadrozmern\u00fdch z\u00e1sielkach a pri z\u00e1sielkach nad 50kg \u00fa\u010dtujeme dopravu individu\u00e1lne.<br \/>f) Riziko vzniku \u0161kody na tovare prech\u00e1dza z pred\u00e1vaj\u00faceho na kupuj\u00faceho v momente prevzatia tovaru kupuj\u00facim. <br \/>g) Pred\u00e1vaj\u00faci si splnil povinnos\u0165 doda\u0165 tovar jeho odovzdan\u00edm prepravcovi. <br \/>h) V pr\u00edpade pochybnost\u00ed o doru\u010den\u00ed tovaru, sa m\u00e1 za to, \u017ee tovar aj fakt\u00fara boli doru\u010den\u00e9 tret\u00ed pracovn\u00fd de\u0148 po odoslan\u00ed.<br \/>i) V pr\u00edpade neprevzatia z\u00e1sielky m\u00f4\u017eu by\u0165 n\u00e1klady pred\u00e1vaj\u00faceho na dopravu tejto z\u00e1sielky pripo\u010d\u00edtan\u00e9 ku \u010fal\u0161ej z\u00e1sielke tovaru kupuj\u00facemu.<\/p><p><strong>9. Cena<\/strong><br \/>a) Spolo\u010dnos\u0165 SAFEPRO s.r.o. vyd\u00e1va a aktualizuje cenn\u00edk ur\u010den\u00fd pre obchodn\u00e9 spolo\u010dnosti - kupuj\u00facich.<br \/>b) Aktualizovan\u00e9 cenn\u00edky s\u00fa pre zaregistrovan\u00fdch obchodn\u00fdch partnerov dostupn\u00e9 na webe www.safepro.sk a s\u00fa tie\u017e posielan\u00e9 elektronicky na posledn\u00fa zn\u00e1mu e-mailov\u00fa adresu zaregistrovan\u00fdm obchodn\u00fdm partnerom \u2013 kupuj\u00facim.<br \/>c) Nov\u00fd cenn\u00edk ru\u0161\u00ed platnos\u0165 predch\u00e1dzaj\u00faceho cenn\u00edka.<br \/>d) Spolo\u010dnos\u0165 SAFEPRO s.r.o. si vyhradzuje pr\u00e1vo zmeny cien.<br \/>e) Spolo\u010dnos\u0165 SAFEPRO s.r.o. nestanovuje, iba odpor\u00fa\u010da ceny ur\u010den\u00e9 koncov\u00fdm z\u00e1kazn\u00edkom.<\/p><p><strong>10. Platobn\u00e9 podmienky, sp\u00f4sob platby a vlastn\u00edcke pr\u00e1vo<\/strong><br \/>a) Splatnos\u0165 fakt\u00fary je vyzna\u010den\u00e1 na fakt\u00fare \u2013 da\u0148ovom doklade.<br \/>b) Platba dobierkou \u2013 tovar je uhraden\u00fd v hotovosti pri preberan\u00ed tovaru doru\u010dovate\u013eovi.<br \/>c) Platba na fakt\u00faru s uvedenou dobou splatnosti \u2013 tovar je uhraden\u00fd prip\u00edsan\u00edm celej fakturovanej sumy na \u00fa\u010det pred\u00e1vaj\u00faceho najnesk\u00f4r v de\u0148 splatnosti.<br \/>d) Platba v hotovosti pri osobnom odbere tovaru nie je mo\u017en\u00e1.<br \/>e) V pr\u00edpade, \u017ee sa kupuj\u00faci dostane s platbou do ome\u0161kania, m\u00f4\u017ee pred\u00e1vaj\u00faci po\u017eadova\u0165 zmluvn\u00e9 \u00faroky z ome\u0161kania vo v\u00fd\u0161ke 0,05% za ka\u017ed\u00fd de\u0148 me\u0161kania.<br \/>f) V pr\u00edpade, \u017ee sa kupuj\u00faci dostane s platbou do ome\u0161kania, je pred\u00e1vaj\u00faci opr\u00e1vnen\u00fd pozastavi\u0165 \u010fal\u0161ie dod\u00e1vky tovaru.<br \/>g) Vlastn\u00edcke pr\u00e1vo k tovaru nadob\u00fada kupuj\u00faci a\u017e \u00fapln\u00fdm a riadnym zaplaten\u00edm k\u00fapnej ceny tovaru, t.j. v ceny uvedenej na vystavenej fakt\u00fare. V pr\u00edpade, \u017ee kupuj\u00faci pred\u00e1 tovar tret\u00edm osob\u00e1m, je povinn\u00fd zabezpe\u010di\u0165 u tret\u00edch os\u00f4b mo\u017enos\u0165 aplik\u00e1cie aktu\u00e1lnych vlastn\u00edckych pr\u00e1v k tovaru a tretiu osobu na toto vlastn\u00edcke pr\u00e1vo a mo\u017enos\u0165 jeho aplik\u00e1cie upozorni\u0165.<\/p><p><strong>11. Z\u00e1sady pou\u017e\u00edvania<\/strong><br \/>Spolo\u010dnos\u0165 SAFEPRO s.r.o. je v\u00fdrobcom a distribut\u00e9rom \u0161peci\u00e1lnych OOP a materi\u00e1lov proti extr\u00e9mnym tepeln\u00fdm rizik\u00e1m ktor\u00e9 vy\u017eaduj\u00fa podrobn\u00fa znalos\u0165 problematiky a d\u00f4sledn\u00fd v\u00fdber vhodn\u00fdch polo\u017eiek. Predmet k\u00fapnej zmluvy je pova\u017eovan\u00fd za spotrebn\u00fd tovar a pri pou\u017e\u00edvan\u00ed podlieha opotrebovaniu. Podrobn\u00e9 z\u00e1sady pou\u017e\u00edvania, n\u00e1vody na pou\u017e\u00edvanie a vyhl\u00e1senia o zhode s\u00fa neoddelite\u013enou s\u00fa\u010das\u0165ou K\u00fapnej zmluvy a pre zaregistrovan\u00fdch z\u00e1kazn\u00edkov s\u00fa dostupn\u00e9 na webe www.safepro.sk.<\/p><p><strong>12. Zapo\u017ei\u010danie tovaru<\/strong> <br \/>za obchodn\u00fdm \u00fa\u010delom Zapo\u017ei\u010danie tovaru za obchodn\u00fdm \u00fa\u010delom je mo\u017en\u00e9 iba pre kupuj\u00facich, ktor\u00ed patria ku st\u00e1lym obchodn\u00fdm partnerom pred\u00e1vaj\u00faceho za nasledovn\u00fdch podmienok:<br \/>a) Tovar je mo\u017en\u00e9 zapo\u017ei\u010da\u0165 iba v obmedzenom mno\u017estve na z\u00e1klade vy\u017eiadania z\u00e1po\u017ei\u010dky v zmysle \u010dl\u00e1nku 4.<br \/>b) Tovar na zapo\u017ei\u010danie je mo\u017en\u00e9 doda\u0165 v zmysle \u010dl\u00e1nku 8.<br \/>c) Z\u00e1po\u017ei\u010dka m\u00f4\u017ee by\u0165 spoplatnen\u00e1 pod\u013ea re\u00e1lnych n\u00e1kladov na dopravu a manipul\u00e1ciu<br \/>d) \u0160tandardn\u00e1 doba z\u00e1po\u017ei\u010dky je 14 dn\u00ed, dlh\u0161ia doba z\u00e1po\u017ei\u010dky mus\u00ed by\u0165 zmluvne dohodnut\u00e1 vopred.<br \/>e) Pokia\u013e z\u00e1kazn\u00edk nevr\u00e1ti zapo\u017ei\u010dan\u00fd tovar v stanovenej lehote a nepo\u017eiada o zmenu podmienok, bude z\u00e1po\u017ei\u010dka ch\u00e1pan\u00e1 ako z\u00e1v\u00e4zn\u00e1 objedn\u00e1vka v zmysle \u010dl\u00e1nku 4., a tovar bude po uplynut\u00ed tejto lehoty vyfakt\u00farovan\u00fd.<br \/>f) Vr\u00e1ten\u00fd tovar vr\u00e1tane obalu nesmie by\u0165 akoko\u013evek po\u0161koden\u00fd, nesmie javi\u0165 zn\u00e1mky pou\u017e\u00edvania ani opotrebovania.<br \/>g) V pr\u00edpade po\u0161kodenia, alebo opotrebovania tovaru bude tovar zaslan\u00fd sp\u00e4\u0165 a bude vyfakt\u00farovan\u00fd.<\/p><p><strong>13. Z\u00e1ru\u010dn\u00e9 podmienky<br \/><\/strong>a) Na pred\u00e1van\u00fd tovar poskytuje spolo\u010dnos\u0165 SAFEPRO s.r.o. z\u00e1ruku po dobu 24 mesiacov (pokia\u013e nie je u konkr\u00e9tneho v\u00fdrobku stanoven\u00e1 z\u00e1ruka inak). Po\u010das z\u00e1ruky m\u00e1 kupuj\u00faci pr\u00e1vo na bezplatn\u00e9 odstr\u00e1nenie chyby na tovare a pred\u013a\u017eenie z\u00e1ruky o \u010das, potrebn\u00fd na vybavenie reklam\u00e1cie.<br \/>b) Z\u00e1ru\u010dn\u00e1 doba za\u010d\u00edna plyn\u00fa\u0165 d\u0148om prevzatia tovaru, alebo jeho expedovan\u00edm zo skladu s potvrden\u00edm od kuri\u00e9ra.<br \/>c) Kupuj\u00faci je povinn\u00fd informova\u0165 pred\u00e1vaj\u00faceho o pr\u00edpadnej chybe, alebo nedostatku na ktor\u00e9 sa vz\u0165ahuje z\u00e1ruka bez zbyto\u010dn\u00fdch odkladov.<br \/>d) Reklamovan\u00fd tovar je mo\u017en\u00e9 odovzda\u0165 priamo v obchodnom sklade pred\u00e1vaj\u00faceho na adrese: Pekn\u00e1 10, 040 01 Ko\u0161ice, doru\u010di\u0165 na t\u00fato adresu po\u0161tou, alebo kuri\u00e9rom \u2013 v\u017edy s popisom reklamovanej chyby alebo nedostatku.<br \/>e) V pr\u00edpade, \u017ee bude zisten\u00e1 in\u00e1 chyba alebo nedostatok, na ktor\u00e9 sa z\u00e1ruka nevz\u0165ahuje, bud\u00fa kupuj\u00facemu \u00fa\u010dtovan\u00e9 re\u00e1lne n\u00e1klady na pr\u00edpadn\u00fa opravu\/v\u00fdmenu a prepravu tovaru po vz\u00e1jomnej dohode.<br \/>f) Z\u00e1ruka sa nevz\u0165ahuje na chyby sp\u00f4soben\u00e9 zaplaven\u00edm a po\u0161koden\u00edm pri preprave, po\u0161koden\u00edm tovaru neodborn\u00fdm z\u00e1sahom do kon\u0161trukcie, alebo pri po\u0161kodeniach nadmern\u00fdm opotrebovan\u00edm tovaru pri intenz\u00edvnom alebo nevhodnom pou\u017e\u00edvan\u00ed, alebo pou\u017e\u00edvan\u00ed v rozpore so z\u00e1sadami pou\u017e\u00edvania.<br \/>g) Fakt\u00fara za dodan\u00fd tovar s\u00fa\u010dasne sl\u00fa\u017ei ako z\u00e1ru\u010dn\u00fd list a dodac\u00ed list, pokia\u013e to nie je uveden\u00e9 inak.<\/p><p><strong>14. Opravy a v\u00fdmena tovaru<br \/><\/strong>a) Ak\u00e9ko\u013evek opravy, alebo z\u00e1sahy do kon\u0161trukcie dodan\u00e9ho tovaru s\u00fa zak\u00e1zan\u00e9, preto sa pr\u00edpadn\u00e9 reklam\u00e1cie rie\u0161ia v\u00fdmenou tovaru.<br \/>b) V od\u00f4vodnen\u00fdch pr\u00edpadoch m\u00f4\u017ee tieto z\u00e1sahy, alebo opravy vykon\u00e1va\u0165 v\u00fdhradne spolo\u010dnos\u0165 SAFEPRO s.r.o. <br \/>c) Z\u00e1ru\u010dn\u00e1 oprava\/v\u00fdmena sa t\u00fdka iba tovarov dodan\u00fdch spolo\u010dnos\u0165ou SAFEPRO s.r.o., ktor\u00e9 s\u00fa v z\u00e1ru\u010dnej dobe a opr\u00e1vnen\u00fdch po\u017eiadaviek kupuj\u00faceho na ktor\u00e9 sa z\u00e1ruka vz\u0165ahuje. Oprava\/v\u00fdmena tovaru ani doprava sa v tomto pr\u00edpade nefakturuje.<br \/>d) Poz\u00e1ru\u010dn\u00e1 oprava, alebo v\u00fdmena tovaru sa t\u00fdka iba tovarov dodan\u00fdch spolo\u010dnos\u0165ou SAFEPRO s.r.o., ktor\u00e9 s\u00fa po z\u00e1ru\u010dnej dobe a na z\u00e1klade po\u017eiadaviek kupuj\u00faceho, na ktor\u00e9 sa z\u00e1ruka nevz\u0165ahuje.<br \/>e) Cena poz\u00e1ru\u010dnej opravy\/v\u00fdmeny je \u00fa\u010dtovan\u00e1 v z\u00e1vislosti od druhu opravy\/v\u00fdmeny a pod\u013ea re\u00e1lnych n\u00e1kladov. Celkov\u00e1 predpokladan\u00e1 suma sa vz\u00e1jomne ods\u00fahlasuje vopred a k cene bude pripo\u010d\u00edtan\u00e9 \u0161tandardn\u00e9 po\u0161tovn\u00e9 a baln\u00e9.<br \/>f) Ka\u017ed\u00e1 z\u00e1kazka pre opravu\/v\u00fdmenu mus\u00ed obsahova\u0165 sprievodn\u00fd list s nasledovn\u00fdmi \u00fadajmi:\u2028\u2022 k\u00f3pia fakt\u00fary t\u00fdkaj\u00faca sa opravy\/v\u00fdmeny,\u2028\u2022 adresa na ktor\u00fa m\u00e1 by\u0165 tovar po oprave\/v\u00fdmene vr\u00e1ten\u00fd,\u2028\u2022 zodpovedn\u00e1 osoba vr\u00e1tane kontaktn\u00fdch \u00fadajov, ktor\u00e1 z\u00e1kazku zad\u00e1va,\u2028\u2022 popis chyby, resp. d\u00f4vod pre\u010do sa vy\u017eaduje oprava\/v\u00fdmena.<\/p><p><strong>15. Okolnosti vylu\u010duj\u00face zodpovednos\u0165<br \/><\/strong>a) Okolnosti vylu\u010duj\u00face zodpovednos\u0165 predstavuj\u00fa udalosti, ktor\u00e9 pred\u00e1vaj\u00faci ani kupuj\u00faci pri starostlivosti, ktor\u00fa je mo\u017en\u00e9 od nich vy\u017eadova\u0165, nem\u00f4\u017eu odvr\u00e1ti\u0165 (napr. vojny, povstania, st\u00e1vky, r\u00f4zne opatrenia \u00faradov, zmeny v legislat\u00edve, pr\u00edrodn\u00e9 udalosti), \u010falej pred\u00e1vaj\u00facim alebo kupuj\u00facim nezavinen\u00e9 oneskoren\u00e9 dod\u00e1vky materi\u00e1lu, energie a podobn\u00e9 udalosti vy\u0161\u0161ej moci, ktor\u00e9 naru\u0161ia plnenie zmluvn\u00fdch povinnost\u00ed.<br \/>b) V pr\u00edpade, \u017ee d\u00f4jde k udalostiam (vis major), ktor\u00e9 nie je mo\u017en\u00e9 pri potvrden\u00ed objedn\u00e1vky predv\u00edda\u0165 a ktor\u00e9 sp\u00f4sobia pred\u00e1vaj\u00facemu prek\u00e1\u017eku v plnen\u00ed jeho zmluvn\u00fdch povinnost\u00ed, je pred\u00e1vaj\u00faci opr\u00e1vnen\u00fd posun\u00fa\u0165 lehotu plnenia na dobu, po ktor\u00fa t\u00e1to prek\u00e1\u017eka trvala a o primeran\u00fa dobu potrebn\u00fa k rozbehu svojej norm\u00e1lnej \u010dinnosti.<\/p><p><strong>16. Vr\u00e1tenie zak\u00fapen\u00e9ho nov\u00e9ho a nepou\u017eit\u00e9ho tovaru<br \/><\/strong>a) Kupuj\u00facim je v od\u00f4vodnen\u00fdch pr\u00edpadoch umo\u017enen\u00e9 vr\u00e1ti\u0165 zak\u00fapen\u00fd, nepou\u017eit\u00fd a nerozbalen\u00fd tovar sp\u00e4\u0165 do 7 dn\u00ed po dohode s pred\u00e1vaj\u00facim.<br \/>b) Registrovan\u00fdm obchodn\u00fdm partnerom s je v od\u00f4vodnen\u00fdch pr\u00edpadoch umo\u017enen\u00e9 vr\u00e1ti\u0165 zak\u00fapen\u00fd, nepou\u017eit\u00fd a nerozbalen\u00fd tovar, resp. jeho \u010das\u0165 sp\u00e4\u0165 za nasledovn\u00fdch podmienok:\u2028<br \/>\u2022 v lehote do 30 dn\u00ed od n\u00e1kupu je mo\u017en\u00e9 vr\u00e1ti\u0165 tovar v plnej cene, <br \/>\u2022\u2028 nad 30 dn\u00ed od n\u00e1kupu bude klientovi odpo\u010d\u00edtan\u00fdch 5% z p\u00f4vodnej ceny n\u00e1kupu,\u2028<br \/>\u2022 nad 60 dn\u00ed od n\u00e1kupu bude klientovi odpo\u010d\u00edtan\u00fdch 10% z p\u00f4vodnej ceny n\u00e1kupu,\u2028<br \/>\u2022 nad 90 dn\u00ed bude po dohode ur\u010den\u00e1 individu\u00e1lna zmluvn\u00e1 cena v z\u00e1vislosti od typu a mno\u017estva tovaru.<\/p><p><strong>17. Podmienky vr\u00e1tenia tovaru<br \/><\/strong>a) Tovar mus\u00ed by\u0165 vr\u00e1ten\u00fd kompletn\u00fd, v p\u00f4vodnom stave a vr\u00e1tane origin\u00e1lneho obalu.<br \/>b) Tovar ani obal nesm\u00fa by\u0165 akoko\u013evek po\u0161koden\u00e9.<br \/>c) Tovar nesmie javi\u0165 zn\u00e1mky pou\u017e\u00edvania ani opotrebovania.<br \/>d) Miestom pre uplatnenie n\u00e1roku vr\u00e1tenia tovaru je s\u00eddlo pred\u00e1vaj\u00faceho.<\/p><p><strong>18. Dobropis<br \/><\/strong>a) Po fyzickom dodan\u00ed a kontrole tovaru bude kupuj\u00facemu vystaven\u00fd dobropis. Dobropis kupuj\u00faci podp\u00ed\u0161e a potvrden\u00fa k\u00f3piu doru\u010d\u00ed pred\u00e1vaj\u00facemu.<br \/>b) Potvrden\u00fd dobropis bude prednostne uhraden\u00fd formou vz\u00e1jomn\u00e9ho z\u00e1po\u010dtu, resp. \u00fahradou na \u00fa\u010det kupuj\u00faceho.<br \/>c) Za vystavenie dobropisu si m\u00f4\u017ee pred\u00e1vaj\u00faci \u00fa\u010dtova\u0165 administrat\u00edvny poplatok vo v\u00fd\u0161ke 5 EUR.<\/p><p><strong>19. Spracovanie osobn\u00fdch \u00fadajov )*<br \/><\/strong>a) Pred\u00e1vaj\u00faci zhroma\u017e\u010fuje osobn\u00e9 \u00fadaje kupuj\u00faceho v\u00fdlu\u010dne na plnenie svojich z\u00e1v\u00e4zkov vo\u010di nemu pri vystavovan\u00ed dokladov a kontaktovan\u00ed v s\u00favislosti s obchodnou \u010dinnos\u0165ou. Pred\u00e1vaj\u00faci zodpoved\u00e1 za to, \u017ee osobn\u00e9 \u00fadaje kupuj\u00faceho nebud\u00fa pou\u017eit\u00e9 na in\u00e9 \u00fa\u010dely a nebud\u00fa spr\u00edstupnen\u00e9 tret\u00edm osob\u00e1m okrem rozsahu potrebn\u00e9ho na doru\u010denie tovaru.<br \/>b) Pred\u00e1vaj\u00faci zhroma\u017e\u010fuje osobn\u00e9 \u00fadaje kupuj\u00faceho v tomto rozsahu: n\u00e1zov firmy, faktura\u010dn\u00e1 adresa, adresa dodania, meno a priezvisko kontaktnej osoby, e-mailov\u00e1 adresa, kontaktn\u00e9 telef\u00f3nne \u010d\u00edslo v r\u00e1mci obchodno pr\u00e1vneho vz\u0165ahu s kupuj\u00facim v zmysle z\u00e1kona \u010d. 18\/2018 Z.z. o ochrane osobn\u00fdch \u00fadajov a o zmene a doplnen\u00ed niektor\u00fdch z\u00e1konov.<br \/>c) Kupuj\u00faci odoslan\u00edm objedn\u00e1vky a potvrdzuje svoj s\u00fahlas s t\u00fdmito VOP a z\u00e1rove\u0148 ude\u013euje s\u00fahlas na spracovanie svojich osobn\u00fdch \u00fadajov v rozsahu pod\u013ea tohto ustanovenia.<\/p><p><strong>20. Pou\u017eite\u013en\u00e9 pr\u00e1vo, z\u00e1vere\u010dn\u00e9 ustanovenia<br \/><\/strong>a) Pre tieto VOP a v\u0161etky pr\u00e1vne vz\u0165ahy medzi pred\u00e1vaj\u00facim a kupuj\u00facim plat\u00ed pr\u00e1vny poriadok Slovenskej republiky.<br \/>b) V pr\u00edpade, \u017ee niektor\u00e9 ustanovenia t\u00fdchto VOP s\u00fa, alebo sa stan\u00fa z legislat\u00edvnych d\u00f4vodov neplatn\u00fdmi, ne\u00fa\u010dinn\u00fdmi alebo nerealizovate\u013en\u00fdmi, nebude t\u00fdmto ovplyvnen\u00e1 platnos\u0165, \u00fa\u010dinnos\u0165 a realizovate\u013enos\u0165 ostatn\u00fdch bodov t\u00fdchto VOP.<br \/>c) Spory, ktor\u00e9 m\u00f4\u017eu vznikn\u00fa\u0165 medzi zmluvn\u00fdmi stranami pri plnen\u00ed zmluvn\u00fdch povinnost\u00ed, bud\u00fa prednostne rie\u0161en\u00e9 mimos\u00fadnou cestou. V pr\u00edpade s\u00fadneho sporu je pr\u00edslu\u0161n\u00fd obchodn\u00fd s\u00fad v lokalite pred\u00e1vaj\u00faceho.<br \/>d) Objednan\u00edm tovaru, alebo jeho prevzat\u00edm kupuj\u00faci potvrdzuje svoj bezv\u00fdhradn\u00fd s\u00fahlas s t\u00fdmito VOP.<br \/>e) Tieto VOP vstupuj\u00fa do platnosti d\u0148a 30.janu\u00e1ra 2018. Ru\u0161ia v\u0161etky predch\u00e1dzaj\u00face obchodn\u00e9 ustanovenia a podmienky.<br \/>f) Spolo\u010dnos\u0165 SAFEPRO s.r.o. si vyhradzuje pr\u00e1vo zmeny t\u00fdchto VOP.<\/p><h6>SAFEPRO s.r.o.,\u00a0 Lesn\u00e1 6, 04001 Ko\u0161ice, d\u0148a 30.01.2018<\/h6><p><strong>)* Pozn\u00e1mka:<\/strong> \u2028VOP boli aktualizovan\u00e9 d\u0148a 30.01.2018, kedy vst\u00fapil do platnosti Z\u00e1kon o ochrane osobn\u00fdch \u00fadajov a o zmene a doplnen\u00ed niektor\u00fdch z\u00e1konov. K\u2028 u d\u0148u jeho \u00fa\u010dinnosti (25.05.2018) bolo vydan\u00e9 memorandum o ochrane osobn\u00fdch \u00fadajov, ktor\u00e9 vysvet\u013euje z\u00e1sady ochrany osobn\u00fdch \u00fadajov a\u2028 je s\u00fa\u010dasne s t\u00fdmito V\u0161eobecn\u00fdmi obchodn\u00fdmi podmienkami dostupn\u00e9 na webe www.safepro.sk.<\/p>\n\t\t\t\t\t<\/div>\n\t\t\t\t\t\t<\/div>\n\t\t\t\t<\/div>\n\t\t\t\t\t<\/div>\n\t\t<\/div>\n\t\t\t\t\t<\/div>\n\t\t<\/section>\n\t\t\t\t<section class=\"wd-negative-gap elementor-section elementor-top-section elementor-element elementor-element-8693c1b elementor-section-boxed elementor-section-height-default elementor-section-height-default\" data-id=\"8693c1b\" data-element_type=\"section\">\n\t\t\t\t\t\t<div class=\"elementor-container elementor-column-gap-default\">\n\t\t\t\t\t<div class=\"elementor-column elementor-col-100 elementor-top-column elementor-element elementor-element-b8fae79\" data-id=\"b8fae79\" data-element_type=\"column\">\n\t\t\t<div class=\"elementor-widget-wrap\">\n\t\t\t\t\t\t\t<\/div>\n\t\t<\/div>\n\t\t\t\t\t<\/div>\n\t\t<\/section>\n\t\t\t\t<\/div>\n\t\t","protected":false},"excerpt":{"rendered":"<p>V\u0161eobecn\u00e9 obchodn\u00e9 podmienky (VOP) spolo\u010dnosti SAFEPRO s.r.o. 1. Platnos\u0165 v\u0161eobecn\u00fdch obchodn\u00fdch podmienoka) V\u0161eobecn\u00e9 obchodn\u00e9 podmienky (\u010falej tie\u017e VOP) upravuj\u00fa vz\u0165ah<\/p>\n","protected":false},"author":2,"featured_media":0,"parent":0,"menu_order":0,"comment_status":"closed","ping_status":"closed","template":"","meta":{"_acf_changed":false,"footnotes":""},"class_list":["post-4787","page","type-page","status-publish","hentry","hide-post-date"],"acf":[],"_links":{"self":[{"href":"https:\/\/safepro.sk\/en\/wp-json\/wp\/v2\/pages\/4787","targetHints":{"allow":["GET"]}}],"collection":[{"href":"https:\/\/safepro.sk\/en\/wp-json\/wp\/v2\/pages"}],"about":[{"href":"https:\/\/safepro.sk\/en\/wp-json\/wp\/v2\/types\/page"}],"author":[{"embeddable":true,"href":"https:\/\/safepro.sk\/en\/wp-json\/wp\/v2\/users\/2"}],"replies":[{"embeddable":true,"href":"https:\/\/safepro.sk\/en\/wp-json\/wp\/v2\/comments?post=4787"}],"version-history":[{"count":1,"href":"https:\/\/safepro.sk\/en\/wp-json\/wp\/v2\/pages\/4787\/revisions"}],"predecessor-version":[{"id":4788,"href":"https:\/\/safepro.sk\/en\/wp-json\/wp\/v2\/pages\/4787\/revisions\/4788"}],"wp:attachment":[{"href":"https:\/\/safepro.sk\/en\/wp-json\/wp\/v2\/media?parent=4787"}],"curies":[{"name":"wp","href":"https:\/\/api.w.org\/{rel}","templated":true}]}}